{"id":508,"date":"2016-12-02T14:47:24","date_gmt":"2016-12-02T13:47:24","guid":{"rendered":"http:\/\/www.hoteljollino.it\/?page_id=508"},"modified":"2025-02-20T10:46:14","modified_gmt":"2025-02-20T09:46:14","slug":"camere-hotel-a-pineto","status":"publish","type":"page","link":"https:\/\/www.hoteljollino.it\/de\/camere-hotel-a-pineto","title":{"rendered":"Unsere Zimmer"},"content":{"rendered":"<p>[vc_row][vc_column]\r\n   \r\r\n   \r\r\n\r\r\n <!--About Section-->\r\r\n<section class=\"about-section\">\r\r\n    <div class=\"auto-container\">\r\r\n    \r\r\n        <!--Section Title-->\r\r\n        <div class=\"sec-title\">\r\r\n            <h2>Unsere <strong>Zimmer<\/strong> <span class=\"light\"><\/span><\/h2>\r\r\n            <div class=\"separator small-separator\"><\/div>\r\r\n            <div class=\"text\"><p>Unsere Zimmer bieten ger\u00e4umige und helle Zimmer mit einer herrlichen Aussicht auf die historische Villa Filiani in der Stadtmitte.<\/p>\n<p>Alle Zimmer haben einen Balkon und k\u00f6nnen bis zu 4 Personen mit 2 Zusatzbetten und bis zu 5 Personen mit Etagenbetten beherbergen. Sie verf\u00fcgen ebenso \u00fcber Direktwahltelefon, Safe mit Kombination, Minik\u00fchlschrank, LCD-Fernseher, kostenlose Klimaanlage, Privatbad mit Duschkabine und Haartrockner, sowie einen H\u00f6flichkeits-Kit.<\/p>\n<p>Kostenfreier Wlan-Zugang in allen Zimmern.<\/p>\n<p>Alle Zimmer sind Nichtraucherzimmer.<\/p><\/div>\r\r\n        <\/div>\r\r\n        \r\r\n        <!--Full Image Box-->\r\r\n        <figure class=\"full-image-box\"><img src=\"https:\/\/www.hoteljollino.it\/wp-content\/uploads\/2015\/12\/hotel_jollino_pineto_vista_piazza.jpg\" alt=\"\"><\/figure>\r\r\n        \r\r\n        <div class=\"services-outer\">\r\r\n            <div class=\"row clearfix\">\r\r\n                \r\r\n                \r\n                \r\r\n                <!--Column-->\r\r\n                <article class=\"col-md-4 col-sm-6 col-xs-12 column wow fadeInLeft\" data-wow-delay=\"0ms\" data-wow-duration=\"1500ms\">\r\r\n                    <div class=\"inner-box\">\r\r\n                        <div class=\"icon-left\"><span class=\"icon flaticon-check52\"><\/span><span class=\"number\">1<\/span><\/div>\r\r\n                        <div class=\"content\">\r\r\n                            <h3>GER\u00c4UMIG &#038; HELL<\/h3>\r\r\n                            <p>Ger\u00e4umige und helle Zimmer mit herrlichem Blick auf Pineto.<\/p>\r\r\n                        <\/div>\r\r\n                    <\/div>\r\r\n                <\/article>\r\r\n                \r\r\n                \r\n                \r\r\n                <!--Column-->\r\r\n                <article class=\"col-md-4 col-sm-6 col-xs-12 column wow fadeInLeft\" data-wow-delay=\"0ms\" data-wow-duration=\"1500ms\">\r\r\n                    <div class=\"inner-box\">\r\r\n                        <div class=\"icon-left\"><span class=\"icon flaticon-check52\"><\/span><span class=\"number\">2<\/span><\/div>\r\r\n                        <div class=\"content\">\r\r\n                            <h3>KOSTENLOSE KLIMAANLAGE<\/h3>\r\r\n                            <p>In allen Zimmern verf\u00fcgen unsere G\u00e4ste \u00fcber kostenlose Klimaanlagen.<\/p>\r\r\n                        <\/div>\r\r\n                    <\/div>\r\r\n                <\/article>\r\r\n                \r\r\n                \r\n                \r\r\n                <!--Column-->\r\r\n                <article class=\"col-md-4 col-sm-6 col-xs-12 column wow fadeInLeft\" data-wow-delay=\"0ms\" data-wow-duration=\"1500ms\">\r\r\n                    <div class=\"inner-box\">\r\r\n                        <div class=\"icon-left\"><span class=\"icon flaticon-check52\"><\/span><span class=\"number\">3<\/span><\/div>\r\r\n                        <div class=\"content\">\r\r\n                            <h3>KOSTENFREIER WLAN-Zugang<\/h3>\r\r\n                            <p>Kostenfreier WLAN- Zugang im ganzen Haus.<\/p>\r\r\n                        <\/div>\r\r\n                    <\/div>\r\r\n                <\/article>\r\r\n                \r\r\n                \r\n                \r\r\n        \t<\/div>\r\r\n        <\/div>\r\r\n        \r\r\n    <\/div>\r\r\n<\/section>\r\r\n \r\r\n\r\n\r\r\n[\/vc_column][\/vc_row][vc_row full_width=&#8220;stretch_row&#8220; css=&#8220;.vc_custom_1483629794980{background-image: url(http:\/\/www.hoteljollino.it\/wp-content\/uploads\/2016\/12\/quadrupla.jpg?id=616) !important;background-position: center !important;background-repeat: no-repeat !important;background-size: cover !important;}&#8220;][vc_column width=&#8220;1\/4&#8243;][\/vc_column][vc_column width=&#8220;1\/2&#8243; css=&#8220;.vc_custom_1480609398809{margin-top: 100px !important;margin-bottom: 100px !important;padding-top: 50px !important;padding-right: 50px !important;padding-bottom: 50px !important;padding-left: 50px !important;background-color: rgba(255,255,255,0.89) !important;*background-color: rgb(255,255,255) !important;}&#8220;][vc_column_text el_class=&#8220;sec-title&#8220;]<\/p>\n<h2><strong>Die Dependance<\/strong><\/h2>\n<p>Unsere Dependance, in einem separaten Geb\u00e4ude namens \u201eRiviera\u201c, vom Hotel getrennt (nur 30 m entfernt) bietet unseren G\u00e4sten Zimmern mit neu renovierter Einrichtung und hohem Komfort.[\/vc_column_text][vc_media_grid element_width=&#8220;2&#8243; grid_id=&#8220;vc_gid:1520239151312-c8482b3a-6f31-1&#8243; include=&#8220;613,614,615,616,618,617&#8243; css=&#8220;.vc_custom_1487582480070{margin-right: 50px !important;margin-left: 50px !important;}&#8220;][\/vc_column][vc_column width=&#8220;1\/4&#8243;][\/vc_column][\/vc_row][vc_row css=&#8220;.vc_custom_1487149206892{margin-right: 0px !important;margin-left: 0px !important;padding-right: 0px !important;padding-left: 0px !important;}&#8220;][vc_column][vc_media_grid style=&#8220;load-more&#8220; items_per_page=&#8220;6&#8243; element_width=&#8220;2&#8243; item=&#8220;mediaGrid_FadeInWithIcon&#8220; btn_title=&#8220;mehr sehen!&#8220; grid_id=&#8220;vc_gid:1520239151328-00613b06-f194-1&#8243; include=&#8220;522,523,524,525,526,527,528,529,530,531,532,533,534,535,536&#8243; btn_add_icon=&#8220;true&#8220; btn_custom_onclick=&#8220;true&#8220;][\/vc_column][\/vc_row][vc_row full_width=&#8220;stretch_row_content&#8220;][vc_column]\n\n\n<!--Contact Section-->\n\n    <section class=\"default-section faded-section contact-section\" style=\"background-image:url('https:\/\/www.hoteljollino.it\/wp-content\/uploads\/2015\/12\/Natura-Pineta01.jpg');\">\n\n    \t<div class=\"auto-container\">\n\n        \t<div class=\"row clearfix\">\n\n            \t<!--Column-->\n\n                <div class=\"col-md-5 col-sm-12 col-xs-12 column\">\n\n                \t<h2>Im Zentrum von Pineto<\/h2>\n\n                    \n\n                \t<div class=\"desc-text\">\n\n                    \t<p>Das Hotel Jollino liegt im Zentrum von Pineto, mit Blick auf die Villa Comunale (Stadtvilla) und nur einen Katzensprung vom wundersch\u00f6nen Pinienwald entfernt, der sich entlang der feinen Sandfl\u00e4che erstreckt.<\/p>\n<p>Wir bieten H\u00f6chstkomfort bei maximaler Entspannung an, damit Sie einen erholsamen Urlaub verbringen k\u00f6nnen, unentbehrlich f\u00fcr das Wohlbefinden der Erwachsenen und f\u00fcr den Spa\u00df der Kinder!<\/p>\n<p>Das Jollino Hotel in Pineto verf\u00fcgt \u00fcber elegante und komfortable mit Balkon ausgestattete Zimmer, von denen Sie einen herrlichen Blick auf die Stadt genie\u00dfen k\u00f6nnen.<\/p>\n<p>Planen und buchen Sie einen fantastischen Aufenthalt an der wundersch\u00f6nen Adriak\u00fcste der Abruzzen, die sich durch ein blaues und kristallklares Meer, die K\u00fcste mit feinem Sand und dem wundersch\u00f6nen Pinienwald auszeichnet, wo Sie beim Joggen oder Spazieren die k\u00fchle Luft genie\u00dfen k\u00f6nnen.<\/p>\n\n                    <\/div>\n\n                    <!--Contact Info-->\n                    <ul class=\"contact-info\">\n\n                    \t<li>\n\n                        \t<span class=\"icon flaticon-location74\"><\/span>\n\n                            <h3>ADRESSE<\/h3>\n\n\t\t\t\t\t\t\t<p>Via Verona, 29 64025 Pineto (TE)<\/p>\n\n\t\t\t\t\t\t<\/li>\n\n                        \n\n                        <li>\n\n                        \t<span class=\"icon flaticon-telephone51\"><\/span>\n\n                            <h3>TELEFON<\/h3>\n\n\t\t\t\t\t\t\t<p>(+39) 085.94.91.720, (+39) 085.94.90.411<\/p>\n\n\t\t\t\t\t\t<\/li>\n\n                        \n\n                        <li>\n\n                        \t<span class=\"icon flaticon-envelope126\"><\/span>\n\n                            <h3>EMAIL<\/h3>\n\n\t\t\t\t\t\t\t<p>info@hoteljollino.it, booking@hoteljollino.it<\/p>\n\n\t\t\t\t\t\t<\/li>\n\n                    <\/ul>\n\n                <\/div>\n\n                \n\n                <!--Column-->\n\n                <div class=\"col-md-7 col-sm-12 col-xs-12 column\">\n\n                \t<h2>Kontaktieren Sie uns jetzt<\/h2>\n\n                    <!--Contact Form-->\n\n                    <div class=\"contact-form\">\n\n                    \t<div role=\"form\" class=\"wpcf7\" id=\"wpcf7-f1121-o3\" lang=\"en-US\" dir=\"ltr\">\n<div class=\"screen-reader-response\"><\/div>\n<form action=\"\/de\/wp-json\/wp\/v2\/pages\/508#wpcf7-f1121-o3\" method=\"post\" class=\"wpcf7-form\" novalidate=\"novalidate\">\n<div style=\"display: none;\">\n<input type=\"hidden\" name=\"_wpcf7\" value=\"1121\" \/>\n<input type=\"hidden\" name=\"_wpcf7_version\" value=\"4.5.1\" \/>\n<input type=\"hidden\" name=\"_wpcf7_locale\" value=\"en_US\" \/>\n<input type=\"hidden\" name=\"_wpcf7_unit_tag\" value=\"wpcf7-f1121-o3\" \/>\n<input type=\"hidden\" name=\"_wpnonce\" value=\"a410da333a\" \/>\n<\/div>\n<div id=\"formcontatti\"><\/div>\n<div class=\"wpcf7-response-output wpcf7-display-none\"><\/div><\/form><\/div>\n                    <\/div>\n\n                <\/div>\n\n            <\/div>\n\n            \n\n            <!--Separator-->\n\n            <div class=\"separator big-separator\"><\/div>\n\n           \n\n           <!--Footer Content-->\n\n            <div class=\"footer-content\">\n\n            \t\n\n                \n                    <!--Social Links-->\n\n                    <div class=\"social-links\">\n\n                        \n                            <a title=\"\" href=\"\"><span class=\"fa \"><\/span><\/a>\n\n                        \n                    <\/div>\n\n                \n\n\t\t\t\t\n\n\n                <div class=\"copyright\">&copy; \u00a9 Hotel Jollino - P.iva: 01758720674 <\/div>\n\n            <\/div>\n\n           \n\n        <\/div>\n\n    <\/section>\n\n\n\n[\/vc_column][\/vc_row]<\/p>","protected":false},"excerpt":{"rendered":"<p>[vc_row][vc_column][\/vc_column][\/vc_row][vc_row full_width=&#8220;stretch_row&#8220; css=&#8220;.vc_custom_1483629794980{background-image: url(http:\/\/www.hoteljollino.it\/wp-content\/uploads\/2016\/12\/quadrupla.jpg?id=616) !important;background-position: center !important;background-repeat: no-repeat !important;background-size: cover !important;}&#8220;][vc_column width=&#8220;1\/4&#8243;][\/vc_column][vc_column width=&#8220;1\/2&#8243; css=&#8220;.vc_custom_1480609398809{margin-top: 100px !important;margin-bottom: 100px !important;padding-top: 50px !important;padding-right: 50px !important;padding-bottom: 50px !important;padding-left: 50px !important;background-color: rgba(255,255,255,0.89) !important;*background-color: rgb(255,255,255) !important;}&#8220;][vc_column_text el_class=&#8220;sec-title&#8220;] Die Dependance Unsere Dependance, in einem separaten Geb\u00e4ude namens \u201eRiviera\u201c, vom Hotel getrennt (nur 30 m entfernt) bietet unseren G\u00e4sten Zimmern mit neu renovierter<\/p>\n","protected":false},"author":1,"featured_media":0,"parent":0,"menu_order":0,"comment_status":"open","ping_status":"closed","template":"tpl-visual_composer.php","meta":[],"_links":{"self":[{"href":"https:\/\/www.hoteljollino.it\/de\/wp-json\/wp\/v2\/pages\/508"}],"collection":[{"href":"https:\/\/www.hoteljollino.it\/de\/wp-json\/wp\/v2\/pages"}],"about":[{"href":"https:\/\/www.hoteljollino.it\/de\/wp-json\/wp\/v2\/types\/page"}],"author":[{"embeddable":true,"href":"https:\/\/www.hoteljollino.it\/de\/wp-json\/wp\/v2\/users\/1"}],"replies":[{"embeddable":true,"href":"https:\/\/www.hoteljollino.it\/de\/wp-json\/wp\/v2\/comments?post=508"}],"version-history":[{"count":56,"href":"https:\/\/www.hoteljollino.it\/de\/wp-json\/wp\/v2\/pages\/508\/revisions"}],"predecessor-version":[{"id":2223,"href":"https:\/\/www.hoteljollino.it\/de\/wp-json\/wp\/v2\/pages\/508\/revisions\/2223"}],"wp:attachment":[{"href":"https:\/\/www.hoteljollino.it\/de\/wp-json\/wp\/v2\/media?parent=508"}],"curies":[{"name":"wp","href":"https:\/\/api.w.org\/{rel}","templated":true}]}}