{"id":491,"date":"2016-12-01T18:32:09","date_gmt":"2016-12-01T17:32:09","guid":{"rendered":"http:\/\/www.hoteljollino.it\/?page_id=491"},"modified":"2020-01-27T16:16:10","modified_gmt":"2020-01-27T15:16:10","slug":"vacanza-pineto-abruzzo-mare","status":"publish","type":"page","link":"https:\/\/www.hoteljollino.it\/de\/vacanza-pineto-abruzzo-mare","title":{"rendered":"Pineto"},"content":{"rendered":"<p>[vc_row css=&#8220;.vc_custom_1487930925915{margin-top: 100px !important;}&#8220;][vc_column width=&#8220;1\/4&#8243;][\/vc_column][vc_column width=&#8220;1\/2&#8243;][vc_column_text]<\/p>\n<div class=\"sec-title\">\n<h2>Gr\u00fcner Strand <strong>an der Adria <\/strong><\/h2>\n<div class=\"separator small-separator\"><\/div>\n<div class=\"text\"><\/div>\n<\/div>\n<p style=\"text-align: center;\">Sitz des Meeresschutzgebietes <a href=\"http:\/\/www.torredelcerrano.it\/\" target=\"_blank\" rel=\"noopener noreferrer\"><strong>Torre del Cerrano<\/strong><\/a>, umgeben von gr\u00fcnen H\u00fcgeln mit einer bezaubernden Landschaft, die sich bis zum Gran Sasso- und Majella-Massiv erstreckt, erwartet Sie die Ortschaft Pineto mit ihrem goldenen und feinen Sandstrand.<\/p>\n<p style=\"text-align: center;\">Seit 2006 wurde Pineto mit der <strong>Blauen Flagge<\/strong> f\u00fcr die Wasserqualit\u00e4t und der touristischen Dienstleistungen, seit 2016 mit der Gr\u00fcnen Flagge als idealer Badeort ausgezeichnet, der von italienischen Kinder\u00e4rzten empfohlen wird.<\/p>\n<p style=\"text-align: center;\">Eine unber\u00fchrte Ecke der Abruzzen, die zu den <strong>12 SCH\u00d6NSTEN STR\u00c4NDEN ITALIENS<\/strong> z\u00e4hlt und die nach einem von LEGAMBIENTE erstellten Ranking bewertet wurde und das EMAS-Zertifikat f\u00fcr nachhaltigen Tourismus erhalten hat.<\/p>\n<p style=\"text-align: center;\">Das NATURSCHUTZGEBIET TORRE DEL CERRANO hat vor kurzem den Oskar des \u00d6kotourismus 2017 erhalten.<\/p>\n<p>[\/vc_column_text]\r\n   \r\r\n   \r\r\n\r\r\n <!--About Section-->\r\r\n<section class=\"about-section\">\r\r\n    <div class=\"auto-container\">\r\r\n    \r\r\n        <!--Section Title-->\r\r\n        <div class=\"sec-title\">\r\r\n            <h2> <strong><\/strong> <span class=\"light\"><\/span><\/h2>\r\r\n            <div class=\"separator small-separator\"><\/div>\r\r\n            <div class=\"text\"><p><\/p><\/div>\r\r\n        <\/div>\r\r\n        \r\r\n        <!--Full Image Box-->\r\r\n        <figure class=\"full-image-box\"><img src=\"https:\/\/www.hoteljollino.it\/wp-content\/uploads\/2016\/12\/Jollino_1.jpg\" alt=\"\"><\/figure>\r\r\n        \r\r\n        <div class=\"services-outer\">\r\r\n            <div class=\"row clearfix\">\r\r\n                \r\r\n                \r\n                \r\r\n                <!--Column-->\r\r\n                <article class=\"col-md-4 col-sm-6 col-xs-12 column wow fadeInLeft\" data-wow-delay=\"0ms\" data-wow-duration=\"1500ms\">\r\r\n                    <div class=\"inner-box\">\r\r\n                        <div class=\"icon-left\"><span class=\"icon flaticon-check52\"><\/span><span class=\"number\"><\/span><\/div>\r\r\n                        <div class=\"content\">\r\r\n                            <h3>Meer &#038; Natur<\/h3>\r\r\n                            <p>Allm\u00e4hlich ansteigender, niedriger Meeresboden, feiner Sand und hervorragende Dienstleistungen.<\/p>\r\r\n                        <\/div>\r\r\n                    <\/div>\r\r\n                <\/article>\r\r\n                \r\r\n                \r\n                \r\r\n                <!--Column-->\r\r\n                <article class=\"col-md-4 col-sm-6 col-xs-12 column wow fadeInLeft\" data-wow-delay=\"0ms\" data-wow-duration=\"1500ms\">\r\r\n                    <div class=\"inner-box\">\r\r\n                        <div class=\"icon-left\"><span class=\"icon flaticon-check52\"><\/span><span class=\"number\"><\/span><\/div>\r\r\n                        <div class=\"content\">\r\r\n                            <h3>K\u00fcstenkiefernwald<\/h3>\r\r\n                            <p>7 km historischen Pinienwaldes die ganze Stadt entlang.<\/p>\r\r\n                        <\/div>\r\r\n                    <\/div>\r\r\n                <\/article>\r\r\n                \r\r\n                \r\n                \r\r\n                <!--Column-->\r\r\n                <article class=\"col-md-4 col-sm-6 col-xs-12 column wow fadeInLeft\" data-wow-delay=\"0ms\" data-wow-duration=\"1500ms\">\r\r\n                    <div class=\"inner-box\">\r\r\n                        <div class=\"icon-left\"><span class=\"icon flaticon-check52\"><\/span><span class=\"number\"><\/span><\/div>\r\r\n                        <div class=\"content\">\r\r\n                            <h3>Im Gr\u00fcnen eingebettet<\/h3>\r\r\n                            <p>Umgeben von gr\u00fcnen H\u00fcgeln am Fu\u00dfe des Gran Sasso-Massivs.<\/p>\r\r\n                        <\/div>\r\r\n                    <\/div>\r\r\n                <\/article>\r\r\n                \r\r\n                \r\n                \r\r\n        \t<\/div>\r\r\n        <\/div>\r\r\n        \r\r\n    <\/div>\r\r\n<\/section>\r\r\n \r\r\n\r\n\r\r\n[\/vc_column][vc_column width=&#8220;1\/4&#8243;][\/vc_column][\/vc_row][vc_row full_width=&#8220;stretch_row&#8220; css=&#8220;.vc_custom_1480613496911{background-image: url(http:\/\/www.hoteljollino.it\/wp-content\/uploads\/2015\/12\/Natura-Pineta01.jpg?id=405) !important;}&#8220;][vc_column width=&#8220;1\/4&#8243;][\/vc_column][vc_column width=&#8220;1\/2&#8243; css=&#8220;.vc_custom_1480609398809{margin-top: 100px !important;margin-bottom: 100px !important;padding-top: 50px !important;padding-right: 50px !important;padding-bottom: 50px !important;padding-left: 50px !important;background-color: rgba(255,255,255,0.89) !important;*background-color: rgb(255,255,255) !important;}&#8220;][vc_column_text]<\/p>\n<div class=\"sec-title\">\n<h2>Die Ortschaft Pineto,<\/h2>\n<\/div>\n<p>ein Wunderwerk am Meer, verdankt ihren Namen der Weitsicht von Luigi Corrado Filiani, der in den drei\u00dfiger Jahren den bezaubernden Pinienwald, der \u00fcber 4 km am Meer entlang verl\u00e4uft, zum Leben erweckte.<\/p>\n<p>Idealer Ort f\u00fcr einen ruhigen und erholsamen Urlaub mit viel Spa\u00df und Unterhaltung f\u00fcr Paare und Familien mit Kindern. Im Zentrum des Dorfes befindet sich das Sportzentrum mit seinen Tennis-, Fu\u00dfball- und Basketballpl\u00e4tzen sowie eine Rollschuhpiste, eine der gr\u00f6\u00dften Italiens, wo in der Vergangenheit nationale und internationale Wettk\u00e4mpfe veranstaltet wurden.<\/p>\n<p>Die abendliche Fu\u00dfg\u00e4ngerzone auf der Hauptstra\u00dfe des Dorfes ist ideal um ein leckeres Eis in einer der zahlreichen Bars oder Eisdielen zu genie\u00dfen oder um in den sch\u00f6nen Gesch\u00e4ften zu bummeln. F\u00fcr die Romantischsten lohnt sich einen Spaziergang im Pinienwald und einen Toast unter dem Sternenhimmel in den Badeanstalten die Strandpromenade entlang.<\/p>\n<p>Zur Unterhaltung gibt es auch zahlreiche Sommerveranstaltungen mit \u00fcber 150 unterschiedlichster Events, von der Unterhaltung bis hin zur Kultur, darunter PINETNIE MODERNE MUSIC FESTIVAL, das literarische Kaffeetrinken mit G\u00e4sten nationalen Niveaus, das Kindertheaterfestival FIABE AL PARCO, Konzerte im Morgengrauen in der TORRE DI CERRANO, DER SOMMERKARNEVAL, WEINKOSTABEND IN DER VILLA FILIANI, DIE LANGE NACHT DES SPORTS&#8230;.<br \/>\n[\/vc_column_text][vc_media_grid element_width=&#8220;2&#8243; grid_id=&#8220;vc_gid:1520239298468-7f55700f-1ee2-0&#8243; include=&#8220;899,897,425,479,898,901&#8243; css=&#8220;.vc_custom_1485356995465{margin-right: 50px !important;margin-left: 50px !important;}&#8220;][\/vc_column][vc_column width=&#8220;1\/4&#8243;][\/vc_column][\/vc_row][vc_row][vc_column][vc_media_grid style=&#8220;load-more&#8220; items_per_page=&#8220;6&#8243; element_width=&#8220;2&#8243; item=&#8220;mediaGrid_FadeInWithIcon&#8220; btn_title=&#8220;mehr sehen!&#8220; grid_id=&#8220;vc_gid:1520239298480-7c0f4f03-19c3-0&#8243; include=&#8220;390,364,361,360,793,791,802,803,792,577,478,387&#8243; btn_add_icon=&#8220;true&#8220; btn_custom_onclick=&#8220;true&#8220;][\/vc_column][\/vc_row][vc_row][vc_column width=&#8220;1\/4&#8243;][\/vc_column][vc_column width=&#8220;1\/2&#8243;][vc_column_text]<img loading=\"lazy\" class=\"size-full wp-image-769 aligncenter\" src=\"http:\/\/www.hoteljollino.it\/wp-content\/uploads\/2015\/12\/referenze-1.png\" alt=\"referenze\" width=\"1100\" height=\"147\" srcset=\"https:\/\/www.hoteljollino.it\/wp-content\/uploads\/2015\/12\/referenze-1.png 1100w, https:\/\/www.hoteljollino.it\/wp-content\/uploads\/2015\/12\/referenze-1-300x40.png 300w, https:\/\/www.hoteljollino.it\/wp-content\/uploads\/2015\/12\/referenze-1-768x103.png 768w, https:\/\/www.hoteljollino.it\/wp-content\/uploads\/2015\/12\/referenze-1-1024x137.png 1024w\" sizes=\"(max-width: 1100px) 100vw, 1100px\" \/>[\/vc_column_text][\/vc_column][vc_column width=&#8220;1\/4&#8243;][\/vc_column][\/vc_row][vc_row][vc_column width=&#8220;1\/4&#8243;][\/vc_column][vc_column width=&#8220;1\/2&#8243;][vc_video link=&#8220;http:\/\/www.youtube.com\/embed\/BeE-Bla_BGU&#8220; title=&#8220;Pineto-Vorstellung&#8220;][\/vc_column][vc_column width=&#8220;1\/4&#8243;][\/vc_column][\/vc_row][vc_row full_width=&#8220;stretch_row_content&#8220;][vc_column]\n\n\n<!--Contact Section-->\n\n    <section class=\"default-section faded-section contact-section\" style=\"background-image:url('https:\/\/www.hoteljollino.it\/wp-content\/uploads\/2015\/12\/Natura-Pineta01.jpg');\">\n\n    \t<div class=\"auto-container\">\n\n        \t<div class=\"row clearfix\">\n\n            \t<!--Column-->\n\n                <div class=\"col-md-5 col-sm-12 col-xs-12 column\">\n\n                \t<h2>Im Zentrum von Pineto<\/h2>\n\n                    \n\n                \t<div class=\"desc-text\">\n\n                    \t<p>Das Hotel Jollino liegt im Zentrum von Pineto, mit Blick auf die Villa Comunale (Stadtvilla) und nur einen Katzensprung vom wundersch\u00f6nen Pinienwald entfernt, der sich entlang der feinen Sandfl\u00e4che erstreckt.<\/p>\n<p>Wir bieten H\u00f6chstkomfort bei maximaler Entspannung an, damit Sie einen erholsamen Urlaub verbringen k\u00f6nnen, unentbehrlich f\u00fcr das Wohlbefinden der Erwachsenen und f\u00fcr den Spa\u00df der Kinder!<\/p>\n<p>Das Jollino Hotel in Pineto verf\u00fcgt \u00fcber elegante und komfortable mit Balkon ausgestattete Zimmer, von denen Sie einen herrlichen Blick auf die Stadt genie\u00dfen k\u00f6nnen.<\/p>\n<p>Planen und buchen Sie einen fantastischen Aufenthalt an der wundersch\u00f6nen Adriak\u00fcste der Abruzzen, die sich durch ein blaues und kristallklares Meer, die K\u00fcste mit feinem Sand und dem wundersch\u00f6nen Pinienwald auszeichnet, wo Sie beim Joggen oder Spazieren die k\u00fchle Luft genie\u00dfen k\u00f6nnen.<\/p>\n\n                    <\/div>\n\n                    <!--Contact Info-->\n                    <ul class=\"contact-info\">\n\n                    \t<li>\n\n                        \t<span class=\"icon flaticon-location74\"><\/span>\n\n                            <h3>ADRESSE<\/h3>\n\n\t\t\t\t\t\t\t<p>Via Verona, 29 64025 Pineto (TE)<\/p>\n\n\t\t\t\t\t\t<\/li>\n\n                        \n\n                        <li>\n\n                        \t<span class=\"icon flaticon-telephone51\"><\/span>\n\n                            <h3>TELEFON<\/h3>\n\n\t\t\t\t\t\t\t<p>(+39) 085.94.91.720, (+39) 085.94.90.411<\/p>\n\n\t\t\t\t\t\t<\/li>\n\n                        \n\n                        <li>\n\n                        \t<span class=\"icon flaticon-envelope126\"><\/span>\n\n                            <h3>EMAIL<\/h3>\n\n\t\t\t\t\t\t\t<p>info@hoteljollino.it, booking@hoteljollino.it<\/p>\n\n\t\t\t\t\t\t<\/li>\n\n                    <\/ul>\n\n                <\/div>\n\n                \n\n                <!--Column-->\n\n                <div class=\"col-md-7 col-sm-12 col-xs-12 column\">\n\n                \t<h2>Kontaktieren Sie uns jetzt<\/h2>\n\n                    <!--Contact Form-->\n\n                    <div class=\"contact-form\">\n\n                    \t<div role=\"form\" class=\"wpcf7\" id=\"wpcf7-f1121-o3\" lang=\"en-US\" dir=\"ltr\">\n<div class=\"screen-reader-response\"><\/div>\n<form action=\"\/de\/wp-json\/wp\/v2\/pages\/491#wpcf7-f1121-o3\" method=\"post\" class=\"wpcf7-form\" novalidate=\"novalidate\">\n<div style=\"display: none;\">\n<input type=\"hidden\" name=\"_wpcf7\" value=\"1121\" \/>\n<input type=\"hidden\" name=\"_wpcf7_version\" value=\"4.5.1\" \/>\n<input type=\"hidden\" name=\"_wpcf7_locale\" value=\"en_US\" \/>\n<input type=\"hidden\" name=\"_wpcf7_unit_tag\" value=\"wpcf7-f1121-o3\" \/>\n<input type=\"hidden\" name=\"_wpnonce\" value=\"a410da333a\" \/>\n<\/div>\n<div id=\"formcontatti\"><\/div>\n<div class=\"wpcf7-response-output wpcf7-display-none\"><\/div><\/form><\/div>\n                    <\/div>\n\n                <\/div>\n\n            <\/div>\n\n            \n\n            <!--Separator-->\n\n            <div class=\"separator big-separator\"><\/div>\n\n           \n\n           <!--Footer Content-->\n\n            <div class=\"footer-content\">\n\n            \t\n\n                \n                    <!--Social Links-->\n\n                    <div class=\"social-links\">\n\n                        \n                            <a title=\"\" href=\"\"><span class=\"fa \"><\/span><\/a>\n\n                        \n                    <\/div>\n\n                \n\n\t\t\t\t\n\n\n                <div class=\"copyright\">&copy; \u00a9 Hotel Jollino - P.iva: 01758720674 <\/div>\n\n            <\/div>\n\n           \n\n        <\/div>\n\n    <\/section>\n\n\n\n[\/vc_column][\/vc_row]<\/p>","protected":false},"excerpt":{"rendered":"<p>[vc_row css=&#8220;.vc_custom_1487930925915{margin-top: 100px !important;}&#8220;][vc_column width=&#8220;1\/4&#8243;][\/vc_column][vc_column width=&#8220;1\/2&#8243;][vc_column_text] Gr\u00fcner Strand an der Adria Sitz des Meeresschutzgebietes Torre del Cerrano, umgeben von gr\u00fcnen H\u00fcgeln mit einer bezaubernden Landschaft, die sich bis zum Gran Sasso- und Majella-Massiv erstreckt, erwartet Sie die Ortschaft Pineto mit ihrem goldenen und feinen Sandstrand. Seit 2006 wurde Pineto mit der Blauen Flagge f\u00fcr die<\/p>\n","protected":false},"author":1,"featured_media":0,"parent":0,"menu_order":0,"comment_status":"open","ping_status":"closed","template":"tpl-visual_composer.php","meta":[],"_links":{"self":[{"href":"https:\/\/www.hoteljollino.it\/de\/wp-json\/wp\/v2\/pages\/491"}],"collection":[{"href":"https:\/\/www.hoteljollino.it\/de\/wp-json\/wp\/v2\/pages"}],"about":[{"href":"https:\/\/www.hoteljollino.it\/de\/wp-json\/wp\/v2\/types\/page"}],"author":[{"embeddable":true,"href":"https:\/\/www.hoteljollino.it\/de\/wp-json\/wp\/v2\/users\/1"}],"replies":[{"embeddable":true,"href":"https:\/\/www.hoteljollino.it\/de\/wp-json\/wp\/v2\/comments?post=491"}],"version-history":[{"count":41,"href":"https:\/\/www.hoteljollino.it\/de\/wp-json\/wp\/v2\/pages\/491\/revisions"}],"predecessor-version":[{"id":1310,"href":"https:\/\/www.hoteljollino.it\/de\/wp-json\/wp\/v2\/pages\/491\/revisions\/1310"}],"wp:attachment":[{"href":"https:\/\/www.hoteljollino.it\/de\/wp-json\/wp\/v2\/media?parent=491"}],"curies":[{"name":"wp","href":"https:\/\/api.w.org\/{rel}","templated":true}]}}