{"id":486,"date":"2016-12-01T18:28:12","date_gmt":"2016-12-01T17:28:12","guid":{"rendered":"http:\/\/www.hoteljollino.it\/?page_id=486"},"modified":"2026-04-24T12:33:28","modified_gmt":"2026-04-24T10:33:28","slug":"listino-prezzi-e-tariffe-hotel-abruzzo","status":"publish","type":"page","link":"https:\/\/www.hoteljollino.it\/de\/listino-prezzi-e-tariffe-hotel-abruzzo","title":{"rendered":"Unsere Preisliste"},"content":{"rendered":"<p>[vc_row css=&#8220;.vc_custom_1487933398324{margin-top: 80px !important;}&#8220;][vc_column width=&#8220;1\/4&#8243;][\/vc_column][vc_column width=&#8220;1\/2&#8243;][vc_column_text el_class=&#8220;blog-post&#8220;]<\/p>\n<h1 class=\"sec-title\">Unsere Preise 2018<\/h1>\n<p>&nbsp;<\/p>\n<table class=\"tabella_prezzi\">\n<tbody>\n<tr class=\"tr_prezzi\">\n<td style=\"text-align: center;\">A<\/td>\n<td style=\"text-align: center;\">B<\/td>\n<td style=\"text-align: center;\">C<\/td>\n<td style=\"text-align: center;\">D<\/td>\n<td style=\"text-align: center;\">E<\/td>\n<td style=\"text-align: center;\">F<\/td>\n<td style=\"text-align: center;\">G<\/td>\n<td style=\"text-align: center;\">H<\/td>\n<\/tr>\n<tr>\n<td style=\"text-align: center;\">01\/06 &#8211; 16\/06<\/td>\n<td style=\"text-align: center;\">16\/06 &#8211; 29\/06<\/td>\n<td style=\"text-align: center;\">29\/06 &#8211; 28\/07<\/td>\n<td style=\"text-align: center;\">28\/07 &#8211; 04\/08<\/td>\n<td style=\"text-align: center;\">04\/08 &#8211; 19\/08<\/td>\n<td style=\"text-align: center;\">19\/08 &#8211; 26\/08<\/td>\n<td style=\"text-align: center;\">26\/08 &#8211; 02\/09<\/td>\n<td style=\"text-align: center;\">02\/09 &#8211; 15\/09<\/td>\n<\/tr>\n<tr>\n<td style=\"text-align: center;\">\u20ac 59,00<\/td>\n<td style=\"text-align: center;\">\u20ac 66,00<\/td>\n<td style=\"text-align: center;\">\u20ac 74,00<\/td>\n<td style=\"text-align: center;\">\u20ac 79,00<\/td>\n<td style=\"text-align: center;\">\u20ac 89,00<\/td>\n<td style=\"text-align: center;\">\u20ac 79,00<\/td>\n<td style=\"text-align: center;\">\u20ac 70,00<\/td>\n<td style=\"text-align: center;\">\u20ac 59,00<\/td>\n<\/tr>\n<\/tbody>\n<\/table>\n<p>&nbsp;<\/p>\n<p>Die Preise verstehen sich pro Person, pro Tag in Vollpension in Doppelzimmern.<\/p>\n<p>Die Preise beinhalten Wasser und Wein zu den Mahlzeiten und sind inklusive Strandservice mit Liegest\u00fchlen, Liegen, , Sonnenschirm, Umziehkabines und Mehrwertsteuer. Alle Zimmer verf\u00fcgen \u00fcber ein Badezimmer mit Duschkabine und F\u00f6n, Telefon, Klimaanlage, Farbfernseher, K\u00fchlschrank und Balkon.<\/p>\n<p>Vollpension mit Zimmer in der Dependance: Erm\u00e4\u00dfigung von 3\u20ac pro Person und Tag.<\/p>\n<p>Halbpension: Erm\u00e4\u00dfigung von 5 \u20ac pro Person und Tag auf den Vollpensionspreis.<\/p>\n<p>&nbsp;<\/p>\n<p><strong>KINDERERM\u00c4SSIGUNG<\/strong><br \/>\nIm gleichen Zimmer mit zwei Erwachsenen.<\/p>\n<p><strong>ANGEBOT 29. JULI- 6. AUGUST <\/strong><br \/>\nZeitraum vom 29. Juli bis 6. August 1 Kind bis 10 Jahre FREI f\u00fcr Aufenthalte von mindestens 6 Tagen mit 2 Erwachsenen im Zimmer.<\/p>\n<p><strong>ANGEBOT ZEITRAUM A, G, H: 1 KIND BIS 6 JAHRE FREI IM ZIMMER MIT 2 ERWACHSENEN<\/strong><br \/>\nBei 2 Kindern (z. B. 0-24 Monate und 6 Jahre) wird das j\u00fcngste Kind als frei berechnet.<\/p>\n<p>Andere Zeitr\u00e4ume:<br \/>\n&#8211; Kinder von 0 &#8211; 24 Monaten ohne Mahlzeiten im Bett mit den Eltern FREI<br \/>\n&#8211; Kinder von 0 &#8211; 24 Monaten in der Wiege zzgl. Verpflegung <b>20\u20ac Zeitraum A-B-G-H, 25\u20ac Zeitraum C-B, 30\u20ac Zeitraum E-F<\/b><br \/>\n&#8211; Kinder von 24 Monaten &#8211; 5 Jahren (unvollendet) 50% Erm\u00e4\u00dfigung<br \/>\n&#8211; Kinder von 5 &#8211; 8 Jahren (unvollendet) 40% Erm\u00e4\u00dfigung<br \/>\n&#8211; Kinder von 8 &#8211; 12 Jahren (unvollendet) 30% Erm\u00e4\u00dfigung<br \/>\nDas Alter der Kinder wird zum Zeitpunkt der Ankunft im Hotel betrachtet.<\/p>\n<p>Die Erm\u00e4\u00dfigung f\u00fcr Kinder mit einem Elternteil wird individuell bewertet.<br \/>\nFamilienangebot: F\u00fcr 2 Erwachsene + 2 Kinder bis 11 Jahre im gleichen Zimmer werden 3 Vollzahler berechnet.<br \/>\n1 Einzelperson im Doppelzimmer +50%.<br \/>\nVollpension im Einzelzimmer +25%.<br \/>\nVollpensionspreise gelten f\u00fcr einen Mindestaufenthalt von drei Tagen.<\/p>\n<p>Zimmer verf\u00fcgbar ab 12.00 Uhr am Anreisetag bis 9.00 Uhr am Abreisetag.<\/p>\n<p><strong> Kostenfreie Fahrradbenutzung<\/strong><\/p>\n<p><strong>IBAN<\/strong> IT09Z030697797797700110000000000000001427<\/p>\n<p>Hotel Jollino Snc di Pavone Michele &amp; C.<\/p>\n<div id=\"contentbottom\"><\/div>\n<p>[\/vc_column_text][\/vc_column][vc_column width=&#8220;1\/4&#8243;][\/vc_column][\/vc_row][vc_row full_width=&#8220;stretch_row_content&#8220;][vc_column]\r\n\r\r\n<!--Contact Section-->\r\r\n<section class=\"default-section faded-section contact-section\" style=\"background-image:url('https:\/\/www.hoteljollino.it\/wp-content\/uploads\/2016\/12\/Jollino_4-1.jpg');\">\r\r\n    <div class=\"auto-container small-container\">\r\r\n            <div class=\"sec-title\">\r\r\n                <h2>Kontakt<\/h2>\r\r\n                <div class=\"text\"><p>Kontaktieren Sie uns f\u00fcr ein kostenloses Angebot und wir werden so schnell wie m\u00f6glich antworten.<\/p><\/div>\r\r\n            <\/div>\r\r\n        <!--Contact Form-->\r\r\n        <div class=\"column contact-form\">\r\r\n        \t<div role=\"form\" class=\"wpcf7\" id=\"wpcf7-f1121-o3\" lang=\"en-US\" dir=\"ltr\">\n<div class=\"screen-reader-response\"><\/div>\n<form action=\"\/de\/wp-json\/wp\/v2\/pages\/486#wpcf7-f1121-o3\" method=\"post\" class=\"wpcf7-form\" novalidate=\"novalidate\">\n<div style=\"display: none;\">\n<input type=\"hidden\" name=\"_wpcf7\" value=\"1121\" \/>\n<input type=\"hidden\" name=\"_wpcf7_version\" value=\"4.5.1\" \/>\n<input type=\"hidden\" name=\"_wpcf7_locale\" value=\"en_US\" \/>\n<input type=\"hidden\" name=\"_wpcf7_unit_tag\" value=\"wpcf7-f1121-o3\" \/>\n<input type=\"hidden\" name=\"_wpnonce\" value=\"a410da333a\" \/>\n<\/div>\n<div id=\"formcontatti\"><\/div>\n<div class=\"wpcf7-response-output wpcf7-display-none\"><\/div><\/form><\/div>\r\n        <\/div>\r\r\n        \r\r\n\t\t<!--Separator-->\r\r\n            <div class=\"separator big-separator\"><\/div>\r\r\n           \r\r\n           <!--Footer Content-->\r\r\n            <div class=\"footer-content\">\r\r\n            \t\r\r\n                \r\n                    <!--Social Links-->\r\r\n                    <div class=\"social-links\">\r\r\n                        \r\n                            <a title=\"\" href=\"\"><span class=\"fa \"><\/span><\/a>\r\r\n                        \r\n                    <\/div>\r\r\n                \r\r\n\t\t\t\t\r\n\r\r\n                <div class=\"copyright\">&copy;  <\/div>\r\r\n            <\/div>\r\r\n    <\/div>\r\r\n<\/section>\r\r\n\r\r\n[\/vc_column][\/vc_row]<\/p>","protected":false},"excerpt":{"rendered":"<p>[vc_row css=&#8220;.vc_custom_1487933398324{margin-top: 80px !important;}&#8220;][vc_column width=&#8220;1\/4&#8243;][\/vc_column][vc_column width=&#8220;1\/2&#8243;][vc_column_text el_class=&#8220;blog-post&#8220;] Unsere Preise 2018 &nbsp; A B C D E F G H 01\/06 &#8211; 16\/06 16\/06 &#8211; 29\/06 29\/06 &#8211; 28\/07 28\/07 &#8211; 04\/08 04\/08 &#8211; 19\/08 19\/08 &#8211; 26\/08 26\/08 &#8211; 02\/09 02\/09 &#8211; 15\/09 \u20ac 59,00 \u20ac 66,00 \u20ac 74,00 \u20ac 79,00 \u20ac 89,00 \u20ac 79,00<\/p>\n","protected":false},"author":1,"featured_media":0,"parent":0,"menu_order":0,"comment_status":"open","ping_status":"closed","template":"tpl-visual_composer.php","meta":[],"_links":{"self":[{"href":"https:\/\/www.hoteljollino.it\/de\/wp-json\/wp\/v2\/pages\/486"}],"collection":[{"href":"https:\/\/www.hoteljollino.it\/de\/wp-json\/wp\/v2\/pages"}],"about":[{"href":"https:\/\/www.hoteljollino.it\/de\/wp-json\/wp\/v2\/types\/page"}],"author":[{"embeddable":true,"href":"https:\/\/www.hoteljollino.it\/de\/wp-json\/wp\/v2\/users\/1"}],"replies":[{"embeddable":true,"href":"https:\/\/www.hoteljollino.it\/de\/wp-json\/wp\/v2\/comments?post=486"}],"version-history":[{"count":238,"href":"https:\/\/www.hoteljollino.it\/de\/wp-json\/wp\/v2\/pages\/486\/revisions"}],"predecessor-version":[{"id":2293,"href":"https:\/\/www.hoteljollino.it\/de\/wp-json\/wp\/v2\/pages\/486\/revisions\/2293"}],"wp:attachment":[{"href":"https:\/\/www.hoteljollino.it\/de\/wp-json\/wp\/v2\/media?parent=486"}],"curies":[{"name":"wp","href":"https:\/\/api.w.org\/{rel}","templated":true}]}}