{"id":469,"date":"2016-12-01T18:17:54","date_gmt":"2016-12-01T17:17:54","guid":{"rendered":"http:\/\/www.hoteljollino.it\/?page_id=469"},"modified":"2020-01-27T16:14:26","modified_gmt":"2020-01-27T15:14:26","slug":"la-spiaggia-riservata","status":"publish","type":"page","link":"https:\/\/www.hoteljollino.it\/de\/la-spiaggia-riservata","title":{"rendered":"Privatstrand f\u00fcr unsere G\u00e4ste"},"content":{"rendered":"<p>[vc_row][vc_column]\r\n   \r\r\n   \r\r\n\r\r\n <!--About Section-->\r\r\n<section class=\"about-section\">\r\r\n    <div class=\"auto-container\">\r\r\n    \r\r\n        <!--Section Title-->\r\r\n        <div class=\"sec-title\">\r\r\n            <h2>Privatstrand f\u00fcr  <strong>unsere G\u00e4ste<\/strong> <span class=\"light\"><\/span><\/h2>\r\r\n            <div class=\"separator small-separator\"><\/div>\r\r\n            <div class=\"text\"><p>150 Meter von unserem Hotel entfernt liegt unser Privatstrand, ausgestattet mit Sonnenschirmen, Liegest\u00fchlen und Sonnenliegen, Toiletten, Dusche, Spielzeugabstellraum und Rettungsdienst.<br \/>\nEin feiner, goldener Sand, ein sanft abfallender und klippenfreier Meeresboden, ein k\u00fchler Pinienwald: mit all diesen Eigenschaften k\u00f6nnen Sie an unserem kinderfreundlichen Strand einen besonders entspannten Aufenthalt genie\u00dfen.<br \/>\nDas Meeresschutzgebiet (Marine Protected Area) von CERRANO garantiert eine ausgezeichnete Wasserqualit\u00e4t, die es der Ortschaft Pineto gemeinsam mit den touristischen Dienstleistungen erm\u00f6glicht hat, seit mehreren Saisons die Blaue Flagge zu gewinnen.<br \/>\nWenige Schritte entfernt sorgt die Bar des Badestands \u201eMiramare\u201c, mit Spielplatz und Spinning-Bereich, f\u00fcr angenehme Kaffeepausen, ein Eis, einen Aperitif unter der gro\u00dfen Veranda dem Meer gegen\u00fcber.<br \/>\nDie Animation f\u00fcr Kinder und Erwachsene, welche qualifizierten und nicht allzu aufdringlichen Animateuren anvertraut ist, wird zu festen Zeiten angeboten: Es ist daher m\u00f6glich, Entspannung mit T\u00e4tigkeiten u.a. Morgengymnastik, Aquagym, Gruppentanz abzuwechseln.<br \/>\nSehr wichtig ist nat\u00fcrlich die M\u00f6glichkeit, sowohl am Strandufer als auch im Pinienwald lange und angenehme Spazierg\u00e4nge im Schatten oder in der Sonne, zu zweit oder gemeinsam mit anderen zu unternehmen.<br \/>\n<\/p><\/div>\r\r\n        <\/div>\r\r\n        \r\r\n        <!--Full Image Box-->\r\r\n        <figure class=\"full-image-box\"><img src=\"https:\/\/www.hoteljollino.it\/wp-content\/uploads\/2016\/12\/IMG_4899.jpg\" alt=\"\"><\/figure>\r\r\n        \r\r\n        <div class=\"services-outer\">\r\r\n            <div class=\"row clearfix\">\r\r\n                \r\r\n                \r\n                \r\r\n                <!--Column-->\r\r\n                <article class=\"col-md-4 col-sm-6 col-xs-12 column wow fadeInLeft\" data-wow-delay=\"0ms\" data-wow-duration=\"1500ms\">\r\r\n                    <div class=\"inner-box\">\r\r\n                        <div class=\"icon-left\"><span class=\"icon flaticon-check52\"><\/span><span class=\"number\"><\/span><\/div>\r\r\n                        <div class=\"content\">\r\r\n                            <h3>Niedriger und sandiger Meeresboden<\/h3>\r\r\n                            <p>Ein Meeresboden, der allm\u00e4hlich ansteigt und ein feiner Sand f\u00fcr Erwachsene und Kinder.<\/p>\r\r\n                        <\/div>\r\r\n                    <\/div>\r\r\n                <\/article>\r\r\n                \r\r\n                \r\n                \r\r\n                <!--Column-->\r\r\n                <article class=\"col-md-4 col-sm-6 col-xs-12 column wow fadeInLeft\" data-wow-delay=\"0ms\" data-wow-duration=\"1500ms\">\r\r\n                    <div class=\"inner-box\">\r\r\n                        <div class=\"icon-left\"><span class=\"icon flaticon-check52\"><\/span><span class=\"number\"><\/span><\/div>\r\r\n                        <div class=\"content\">\r\r\n                            <h3>Animation f\u00fcr Erwachsene und Kinder<\/h3>\r\r\n                            <p>Unsere erfahrenen Animateure sorgen f\u00fcr die Unterhaltung der Erwachsenen und Kinder.<\/p>\r\r\n                        <\/div>\r\r\n                    <\/div>\r\r\n                <\/article>\r\r\n                \r\r\n                \r\n                \r\r\n                <!--Column-->\r\r\n                <article class=\"col-md-4 col-sm-6 col-xs-12 column wow fadeInLeft\" data-wow-delay=\"0ms\" data-wow-duration=\"1500ms\">\r\r\n                    <div class=\"inner-box\">\r\r\n                        <div class=\"icon-left\"><span class=\"icon flaticon-check52\"><\/span><span class=\"number\"><\/span><\/div>\r\r\n                        <div class=\"content\">\r\r\n                            <h3>Im Cerrano Marine Park<\/h3>\r\r\n                            <p>Unser Privatstrand befindet sich innerhalb des Marine Parks von Torre Cerrano.<\/p>\r\r\n                        <\/div>\r\r\n                    <\/div>\r\r\n                <\/article>\r\r\n                \r\r\n                \r\n                \r\r\n        \t<\/div>\r\r\n        <\/div>\r\r\n        \r\r\n    <\/div>\r\r\n<\/section>\r\r\n \r\r\n\r\n\r\r\n[\/vc_column][\/vc_row][vc_row full_width=&#8220;stretch_row&#8220; css=&#8220;.vc_custom_1485364955729{background: rgba(0,0,0,0.71) url(http:\/\/www.hoteljollino.it\/wp-content\/uploads\/2016\/12\/IMG_4882.jpg?id=476) !important;background-position: center !important;background-repeat: no-repeat !important;background-size: cover !important;*background-color: rgb(0,0,0) !important;}&#8220;][vc_column width=&#8220;1\/4&#8243;][\/vc_column][vc_column width=&#8220;1\/2&#8243; css=&#8220;.vc_custom_1485193848286{margin-top: 100px !important;margin-bottom: 100px !important;padding-top: 50px !important;padding-right: 50px !important;padding-bottom: 50px !important;padding-left: 50px !important;background-color: rgba(255,255,255,0.9) !important;*background-color: rgb(255,255,255) !important;}&#8220;][vc_column_text el_class=&#8220;sec-title&#8220;]<\/p>\n<h2><strong>Der k\u00fcstennahe Pinienwald<\/strong><\/h2>\n<p>In der unmittelbaren N\u00e4he des Strandes erstreckt sich der wundersch\u00f6ne Pinienwald &#8211; dank der Weitsicht von Luigi Corrado Filiani in den 30ger Jahren entstanden &#8211; \u00fcber 4 km und bietet eine frische Abwechslung zur Hitze in den hei\u00dfesten Tagesstunden.<\/p>\n<p>Innerhalb des Pinienwaldes erstreckt sich den wundersch\u00f6nen Radweg, die l\u00e4ngste Radstrecke der Adria.<br \/>\nStrand und Pinienwald bilden einen einzigartigen, verkehrsfreien Bereich, in dem die Kinder frei laufen und sich sicher bewegen k\u00f6nnen.<br \/>\n[\/vc_column_text][vc_media_grid element_width=&#8220;2&#8243; grid_id=&#8220;vc_gid:1520239207808-f0685878-91cf-8&#8243; include=&#8220;599,581,582,576,405,600&#8243;][\/vc_column][vc_column width=&#8220;1\/4&#8243;][\/vc_column][\/vc_row][vc_row][vc_column][vc_media_grid style=&#8220;load-more&#8220; items_per_page=&#8220;6&#8243; element_width=&#8220;2&#8243; item=&#8220;mediaGrid_FadeInWithIcon&#8220; btn_title=&#8220;mehr sehen!&#8220; grid_id=&#8220;vc_gid:1520239207820-88e1f09e-e66f-7&#8243; include=&#8220;572,573,574,575,576,577,578,579,580,583,555,476&#8243; btn_add_icon=&#8220;true&#8220; btn_custom_onclick=&#8220;true&#8220;][\/vc_column][\/vc_row][vc_row full_width=&#8220;stretch_row_content&#8220;][vc_column]\n\n\n<!--Contact Section-->\n\n    <section class=\"default-section faded-section contact-section\" style=\"background-image:url('https:\/\/www.hoteljollino.it\/wp-content\/uploads\/2015\/12\/Natura-Pineta01.jpg');\">\n\n    \t<div class=\"auto-container\">\n\n        \t<div class=\"row clearfix\">\n\n            \t<!--Column-->\n\n                <div class=\"col-md-5 col-sm-12 col-xs-12 column\">\n\n                \t<h2>Im Zentrum von Pineto<\/h2>\n\n                    \n\n                \t<div class=\"desc-text\">\n\n                    \t<p>Das Hotel Jollino liegt im Zentrum von Pineto, mit Blick auf die Villa Comunale (Stadtvilla) und nur einen Katzensprung vom wundersch\u00f6nen Pinienwald entfernt, der sich entlang der feinen Sandfl\u00e4che erstreckt.<\/p>\n<p>Wir bieten H\u00f6chstkomfort bei maximaler Entspannung an, damit Sie einen erholsamen Urlaub verbringen k\u00f6nnen, unentbehrlich f\u00fcr das Wohlbefinden der Erwachsenen und f\u00fcr den Spa\u00df der Kinder!<\/p>\n<p>Das Jollino Hotel in Pineto verf\u00fcgt \u00fcber elegante und komfortable mit Balkon ausgestattete Zimmer, von denen Sie einen herrlichen Blick auf die Stadt genie\u00dfen k\u00f6nnen.<\/p>\n<p>Planen und buchen Sie einen fantastischen Aufenthalt an der wundersch\u00f6nen Adriak\u00fcste der Abruzzen, die sich durch ein blaues und kristallklares Meer, die K\u00fcste mit feinem Sand und dem wundersch\u00f6nen Pinienwald auszeichnet, wo Sie beim Joggen oder Spazieren die k\u00fchle Luft genie\u00dfen k\u00f6nnen.<\/p>\n\n                    <\/div>\n\n                    <!--Contact Info-->\n                    <ul class=\"contact-info\">\n\n                    \t<li>\n\n                        \t<span class=\"icon flaticon-location74\"><\/span>\n\n                            <h3>ADRESSE<\/h3>\n\n\t\t\t\t\t\t\t<p>Via Verona, 29 64025 Pineto (TE)<\/p>\n\n\t\t\t\t\t\t<\/li>\n\n                        \n\n                        <li>\n\n                        \t<span class=\"icon flaticon-telephone51\"><\/span>\n\n                            <h3>TELEFON<\/h3>\n\n\t\t\t\t\t\t\t<p>(+39) 085.94.91.720, (+39) 085.94.90.411<\/p>\n\n\t\t\t\t\t\t<\/li>\n\n                        \n\n                        <li>\n\n                        \t<span class=\"icon flaticon-envelope126\"><\/span>\n\n                            <h3>EMAIL<\/h3>\n\n\t\t\t\t\t\t\t<p>info@hoteljollino.it, booking@hoteljollino.it<\/p>\n\n\t\t\t\t\t\t<\/li>\n\n                    <\/ul>\n\n                <\/div>\n\n                \n\n                <!--Column-->\n\n                <div class=\"col-md-7 col-sm-12 col-xs-12 column\">\n\n                \t<h2>Kontaktieren Sie uns jetzt<\/h2>\n\n                    <!--Contact Form-->\n\n                    <div class=\"contact-form\">\n\n                    \t<div role=\"form\" class=\"wpcf7\" id=\"wpcf7-f1121-o3\" lang=\"en-US\" dir=\"ltr\">\n<div class=\"screen-reader-response\"><\/div>\n<form action=\"\/de\/wp-json\/wp\/v2\/pages\/469#wpcf7-f1121-o3\" method=\"post\" class=\"wpcf7-form\" novalidate=\"novalidate\">\n<div style=\"display: none;\">\n<input type=\"hidden\" name=\"_wpcf7\" value=\"1121\" \/>\n<input type=\"hidden\" name=\"_wpcf7_version\" value=\"4.5.1\" \/>\n<input type=\"hidden\" name=\"_wpcf7_locale\" value=\"en_US\" \/>\n<input type=\"hidden\" name=\"_wpcf7_unit_tag\" value=\"wpcf7-f1121-o3\" \/>\n<input type=\"hidden\" name=\"_wpnonce\" value=\"a410da333a\" \/>\n<\/div>\n<div id=\"formcontatti\"><\/div>\n<div class=\"wpcf7-response-output wpcf7-display-none\"><\/div><\/form><\/div>\n                    <\/div>\n\n                <\/div>\n\n            <\/div>\n\n            \n\n            <!--Separator-->\n\n            <div class=\"separator big-separator\"><\/div>\n\n           \n\n           <!--Footer Content-->\n\n            <div class=\"footer-content\">\n\n            \t\n\n                \n                    <!--Social Links-->\n\n                    <div class=\"social-links\">\n\n                        \n                            <a title=\"\" href=\"\"><span class=\"fa \"><\/span><\/a>\n\n                        \n                    <\/div>\n\n                \n\n\t\t\t\t\n\n\n                <div class=\"copyright\">&copy; Hotel Jollino - P.iva: 01758720674 <\/div>\n\n            <\/div>\n\n           \n\n        <\/div>\n\n    <\/section>\n\n\n\n[\/vc_column][\/vc_row]<\/p>","protected":false},"excerpt":{"rendered":"<p>[vc_row][vc_column][\/vc_column][\/vc_row][vc_row full_width=&#8220;stretch_row&#8220; css=&#8220;.vc_custom_1485364955729{background: rgba(0,0,0,0.71) url(http:\/\/www.hoteljollino.it\/wp-content\/uploads\/2016\/12\/IMG_4882.jpg?id=476) !important;background-position: center !important;background-repeat: no-repeat !important;background-size: cover !important;*background-color: rgb(0,0,0) !important;}&#8220;][vc_column width=&#8220;1\/4&#8243;][\/vc_column][vc_column width=&#8220;1\/2&#8243; css=&#8220;.vc_custom_1485193848286{margin-top: 100px !important;margin-bottom: 100px !important;padding-top: 50px !important;padding-right: 50px !important;padding-bottom: 50px !important;padding-left: 50px !important;background-color: rgba(255,255,255,0.9) !important;*background-color: rgb(255,255,255) !important;}&#8220;][vc_column_text el_class=&#8220;sec-title&#8220;] Der k\u00fcstennahe Pinienwald In der unmittelbaren N\u00e4he des Strandes erstreckt sich der wundersch\u00f6ne Pinienwald &#8211; dank der Weitsicht von Luigi Corrado<\/p>\n","protected":false},"author":1,"featured_media":0,"parent":0,"menu_order":0,"comment_status":"open","ping_status":"closed","template":"tpl-visual_composer.php","meta":[],"_links":{"self":[{"href":"https:\/\/www.hoteljollino.it\/de\/wp-json\/wp\/v2\/pages\/469"}],"collection":[{"href":"https:\/\/www.hoteljollino.it\/de\/wp-json\/wp\/v2\/pages"}],"about":[{"href":"https:\/\/www.hoteljollino.it\/de\/wp-json\/wp\/v2\/types\/page"}],"author":[{"embeddable":true,"href":"https:\/\/www.hoteljollino.it\/de\/wp-json\/wp\/v2\/users\/1"}],"replies":[{"embeddable":true,"href":"https:\/\/www.hoteljollino.it\/de\/wp-json\/wp\/v2\/comments?post=469"}],"version-history":[{"count":52,"href":"https:\/\/www.hoteljollino.it\/de\/wp-json\/wp\/v2\/pages\/469\/revisions"}],"predecessor-version":[{"id":1308,"href":"https:\/\/www.hoteljollino.it\/de\/wp-json\/wp\/v2\/pages\/469\/revisions\/1308"}],"wp:attachment":[{"href":"https:\/\/www.hoteljollino.it\/de\/wp-json\/wp\/v2\/media?parent=469"}],"curies":[{"name":"wp","href":"https:\/\/api.w.org\/{rel}","templated":true}]}}