{"id":445,"date":"2016-12-01T17:53:37","date_gmt":"2016-12-01T16:53:37","guid":{"rendered":"http:\/\/www.hoteljollino.it\/?page_id=445"},"modified":"2024-06-04T15:06:20","modified_gmt":"2024-06-04T13:06:20","slug":"il-ristorante-cucina-abruzzese","status":"publish","type":"page","link":"https:\/\/www.hoteljollino.it\/de\/il-ristorante-cucina-abruzzese","title":{"rendered":"Restaurant"},"content":{"rendered":"<p>[vc_row][vc_column]\r\n   \r\r\n   \r\r\n\r\r\n <!--About Section-->\r\r\n<section class=\"about-section\">\r\r\n    <div class=\"auto-container\">\r\r\n    \r\r\n        <!--Section Title-->\r\r\n        <div class=\"sec-title\">\r\r\n            <h2>Das f\u00fcr unsere G\u00e4ste <strong>reservierte Restaurant<\/strong> <span class=\"light\"><\/span><\/h2>\r\r\n            <div class=\"separator small-separator\"><\/div>\r\r\n            <div class=\"text\"><p>Im Einklang mit der famili\u00e4ren Atmosph\u00e4re des Hotels Jollino bietet die K\u00fcche echte Hausmannskost.<\/p>\n<p>Frau Teresa Pavone, die sich durch ihre langj\u00e4hrige Erfahrung auszeichnet, koordiniert ihre Mitarbeiter und sorgt f\u00fcr Best\u00e4ndigkeit mit einer Vergangenheit, in der die Kunden seit jeher die Frische der Zutaten, die Echtheit der Aromen und die kluge Verwendung von D\u00fcften einsch\u00e4tzen.<\/p>\n<p>Diese Philosophie macht unsere K\u00fcche auch f\u00fcr Kinder geeignet: die hausgemachte Tomatensauce, die Gem\u00fcsebr\u00fche mit frischem Gem\u00fcse, die einfachen Aromen unserer K\u00fcche machen unsere Gerichte kinderfreundlich.<\/p>\n<p>Das den Kindern gewidmete Men\u00fc und die M\u00f6glichkeit, ihre Mahlzeiten vorwegzunehmen, helfen den jungen M\u00fcttern bei ihrer anspruchsvollen Aufgabe (bei Bedarf steht auch eine ausgestattete Kochnische zur Verf\u00fcgung).<\/p>\n<p>Ein reichhaltiges B\u00fcffet mit hausgemachten Torten, Obstkuchen, Schokoladenkuchen, aber auch Aufschnitt, Joghurt und M\u00fcsli f\u00fcr einen energievollen Start in den Tag!<\/p><\/div>\r\r\n        <\/div>\r\r\n        \r\r\n        <!--Full Image Box-->\r\r\n        <figure class=\"full-image-box\"><img src=\"https:\/\/www.hoteljollino.it\/wp-content\/uploads\/2016\/12\/hotel_jollino_pineto_sala_da_pranzo_2.jpg\" alt=\"\"><\/figure>\r\r\n        \r\r\n        <div class=\"services-outer\">\r\r\n            <div class=\"row clearfix\">\r\r\n                \r\r\n                \r\n                \r\r\n                <!--Column-->\r\r\n                <article class=\"col-md-4 col-sm-6 col-xs-12 column wow fadeInLeft\" data-wow-delay=\"0ms\" data-wow-duration=\"1500ms\">\r\r\n                    <div class=\"inner-box\">\r\r\n                        <div class=\"icon-left\"><span class=\"icon flaticon-check52\"><\/span><span class=\"number\"><\/span><\/div>\r\r\n                        <div class=\"content\">\r\r\n                            <h3>Hausmannskost<\/h3>\r\r\n                            <p>Die Frische der Zutaten, die Unverf\u00e4lschtheit der Aromen, der geschickte Einsatz von D\u00fcften.<\/p>\r\r\n                        <\/div>\r\r\n                    <\/div>\r\r\n                <\/article>\r\r\n                \r\r\n                \r\n                \r\r\n                <!--Column-->\r\r\n                <article class=\"col-md-4 col-sm-6 col-xs-12 column wow fadeInLeft\" data-wow-delay=\"0ms\" data-wow-duration=\"1500ms\">\r\r\n                    <div class=\"inner-box\">\r\r\n                        <div class=\"icon-left\"><span class=\"icon flaticon-check52\"><\/span><span class=\"number\"><\/span><\/div>\r\r\n                        <div class=\"content\">\r\r\n                            <h3>Kinderfreundliche Gerichte<\/h3>\r\r\n                            <p>F\u00fcr Kinder: Flexibilit\u00e4t bei der Zubereitung von alternativen Gerichten oder bei der Vorwegnahme von Mahlzeiten.<\/p>\r\r\n                        <\/div>\r\r\n                    <\/div>\r\r\n                <\/article>\r\r\n                \r\r\n                \r\n                \r\r\n        \t<\/div>\r\r\n        <\/div>\r\r\n        \r\r\n    <\/div>\r\r\n<\/section>\r\r\n \r\r\n\r\n\r\r\n[\/vc_column][\/vc_row][vc_row full_width=&#8220;stretch_row&#8220; css=&#8220;.vc_custom_1485193735132{background: rgba(0,0,0,0.71) url(http:\/\/www.hoteljollino.it\/wp-content\/uploads\/2016\/12\/sara_ristorate_pineto.jpg?id=564) !important;background-position: center !important;background-repeat: no-repeat !important;background-size: cover !important;*background-color: rgb(0,0,0) !important;}&#8220;][vc_column width=&#8220;1\/4&#8243;][\/vc_column][vc_column width=&#8220;1\/2&#8243; css=&#8220;.vc_custom_1485193848286{margin-top: 100px !important;margin-bottom: 100px !important;padding-top: 50px !important;padding-right: 50px !important;padding-bottom: 50px !important;padding-left: 50px !important;background-color: rgba(255,255,255,0.9) !important;*background-color: rgb(255,255,255) !important;}&#8220;][vc_column_text el_class=&#8220;sec-title&#8220;]<\/p>\n<h2><strong>Echte Hausmannskost<\/strong><\/h2>\n<p>Ob es sich nun um traditionelle abruzzische Gerichte wie \u201eTimballo\u201c (Cr\u00eapes-Auflauf mit Tomatensauce und Mozzarella-K\u00e4se), \u201eSpaghetti alla chitarra\u201c (handgemachte dickere Eiernudeln mit Fleischsauce) oder \u201escrippelle \u201ambusse\u201c (aufgerollte Cr\u00eapes mit Br\u00fche) handelt, oder um Gerichte mit Meeresfr\u00fcchten wie Spaghetti mit Venusmuscheln, \u201eMaltagliati\u201c (kleine, unregelm\u00e4\u00dfige geschnittene Nudeln)mit Kichererbsen und Meeresfr\u00fcchten oder gebratenem Fisch, jedes Gericht wird mit Sorgfalt und Wissen zubereitet, was nur die Hausmannskost garantieren kann.<\/p>\n<p>Unsere Preise verstehen sich pro Person und Tag in Vollpension in Doppelzimmern. Die Preise beinhalten Wasser und Wein zu den Mahlzeiten und sind inklusive Strandservice mit Liegest\u00fchlen, Sonnenliegen, Sonnenschirm, Umkleidekabinen und MwSt. Alle Zimmer verf\u00fcgen \u00fcber Badezimmer mit Duschkabine, Haartrockner, Telefon, Klimaanlage, Farbfernseher, K\u00fchlschrank und Balkon.Vollpension mit Zimmer in der Dependance: Erm\u00e4\u00dfigung von 3\u20ac pro Person und Tag.Halbpension: Erm\u00e4\u00dfigung von 5 \u20ac pro Person und Tag auf den Vollpensionspreis.[\/vc_column_text][vc_media_grid element_width=&#8220;2&#8243; grid_id=&#8220;vc_gid:1520239177582-69298fb9-fd7b-4&#8243; include=&#8220;452,457,458,460,461,889&#8243; css=&#8220;.vc_custom_1485194607961{margin-right: 50px !important;margin-left: 50px !important;}&#8220;][\/vc_column][vc_column width=&#8220;1\/4&#8243;][\/vc_column][\/vc_row][vc_row][vc_column][vc_media_grid style=&#8220;load-more&#8220; items_per_page=&#8220;6&#8243; element_width=&#8220;2&#8243; item=&#8220;mediaGrid_FadeInWithIcon&#8220; btn_title=&#8220;mehr sehen!&#8220; grid_id=&#8220;vc_gid:1520239177594-aada13a1-46b9-8&#8243; include=&#8220;561,562,563,564,565,566,567,568,888,890,891,560&#8243; btn_add_icon=&#8220;true&#8220; btn_custom_onclick=&#8220;true&#8220;][\/vc_column][\/vc_row][vc_row full_width=&#8220;stretch_row_content&#8220;][vc_column]\n\n\n<!--Contact Section-->\n\n    <section class=\"default-section faded-section contact-section\" style=\"background-image:url('https:\/\/www.hoteljollino.it\/wp-content\/uploads\/2015\/12\/Natura-Pineta01.jpg');\">\n\n    \t<div class=\"auto-container\">\n\n        \t<div class=\"row clearfix\">\n\n            \t<!--Column-->\n\n                <div class=\"col-md-5 col-sm-12 col-xs-12 column\">\n\n                \t<h2>Im Zentrum von Pineto<\/h2>\n\n                    \n\n                \t<div class=\"desc-text\">\n\n                    \t<p>Das Hotel Jollino liegt im Zentrum von Pineto, mit Blick auf die Villa Comunale (Stadtvilla) und nur einen Katzensprung vom wundersch\u00f6nen Pinienwald entfernt, der sich entlang der feinen Sandfl\u00e4che erstreckt.<\/p>\n<p>Wir bieten H\u00f6chstkomfort bei maximaler Entspannung an, damit Sie einen erholsamen Urlaub verbringen k\u00f6nnen, unentbehrlich f\u00fcr das Wohlbefinden der Erwachsenen und f\u00fcr den Spa\u00df der Kinder!<\/p>\n<p>Das Jollino Hotel in Pineto verf\u00fcgt \u00fcber elegante und komfortable mit Balkon ausgestattete Zimmer, von denen Sie einen herrlichen Blick auf die Stadt genie\u00dfen k\u00f6nnen.<\/p>\n<p>Planen und buchen Sie einen fantastischen Aufenthalt an der wundersch\u00f6nen Adriak\u00fcste der Abruzzen, die sich durch ein blaues und kristallklares Meer, die K\u00fcste mit feinem Sand und dem wundersch\u00f6nen Pinienwald auszeichnet, wo Sie beim Joggen oder Spazieren die k\u00fchle Luft genie\u00dfen k\u00f6nnen.<\/p>\n\n                    <\/div>\n\n                    <!--Contact Info-->\n                    <ul class=\"contact-info\">\n\n                    \t<li>\n\n                        \t<span class=\"icon flaticon-location74\"><\/span>\n\n                            <h3>ADRESSE<\/h3>\n\n\t\t\t\t\t\t\t<p>Via Verona, 29 64025 Pineto (TE)<\/p>\n\n\t\t\t\t\t\t<\/li>\n\n                        \n\n                        <li>\n\n                        \t<span class=\"icon flaticon-telephone51\"><\/span>\n\n                            <h3>TELEFON<\/h3>\n\n\t\t\t\t\t\t\t<p>(+39) 085.94.91.720<\/p>\n\n\t\t\t\t\t\t<\/li>\n\n                        \n\n                        <li>\n\n                        \t<span class=\"icon flaticon-envelope126\"><\/span>\n\n                            <h3>EMAIL<\/h3>\n\n\t\t\t\t\t\t\t<p>info@hoteljollino.it<\/p>\n\n\t\t\t\t\t\t<\/li>\n\n                    <\/ul>\n\n                <\/div>\n\n                \n\n                <!--Column-->\n\n                <div class=\"col-md-7 col-sm-12 col-xs-12 column\">\n\n                \t<h2>Kontaktieren Sie uns jetzt<\/h2>\n\n                    <!--Contact Form-->\n\n                    <div class=\"contact-form\">\n\n                    \t<div role=\"form\" class=\"wpcf7\" id=\"wpcf7-f1121-o3\" lang=\"en-US\" dir=\"ltr\">\n<div class=\"screen-reader-response\"><\/div>\n<form action=\"\/de\/wp-json\/wp\/v2\/pages\/445#wpcf7-f1121-o3\" method=\"post\" class=\"wpcf7-form\" novalidate=\"novalidate\">\n<div style=\"display: none;\">\n<input type=\"hidden\" name=\"_wpcf7\" value=\"1121\" \/>\n<input type=\"hidden\" name=\"_wpcf7_version\" value=\"4.5.1\" \/>\n<input type=\"hidden\" name=\"_wpcf7_locale\" value=\"en_US\" \/>\n<input type=\"hidden\" name=\"_wpcf7_unit_tag\" value=\"wpcf7-f1121-o3\" \/>\n<input type=\"hidden\" name=\"_wpnonce\" value=\"a410da333a\" \/>\n<\/div>\n<div id=\"formcontatti\"><\/div>\n<div class=\"wpcf7-response-output wpcf7-display-none\"><\/div><\/form><\/div>\n                    <\/div>\n\n                <\/div>\n\n            <\/div>\n\n            \n\n            <!--Separator-->\n\n            <div class=\"separator big-separator\"><\/div>\n\n           \n\n           <!--Footer Content-->\n\n            <div class=\"footer-content\">\n\n            \t\n\n                \n                    <!--Social Links-->\n\n                    <div class=\"social-links\">\n\n                        \n                            <a title=\"\" href=\"\"><span class=\"fa \"><\/span><\/a>\n\n                        \n                    <\/div>\n\n                \n\n\t\t\t\t\n\n\n                <div class=\"copyright\">&copy; \u00a9 Hotel Jollino - P.iva: 01758720674 <\/div>\n\n            <\/div>\n\n           \n\n        <\/div>\n\n    <\/section>\n\n\n\n[\/vc_column][\/vc_row]<\/p>","protected":false},"excerpt":{"rendered":"<p>[vc_row][vc_column][\/vc_column][\/vc_row][vc_row full_width=&#8220;stretch_row&#8220; css=&#8220;.vc_custom_1485193735132{background: rgba(0,0,0,0.71) url(http:\/\/www.hoteljollino.it\/wp-content\/uploads\/2016\/12\/sara_ristorate_pineto.jpg?id=564) !important;background-position: center !important;background-repeat: no-repeat !important;background-size: cover !important;*background-color: rgb(0,0,0) !important;}&#8220;][vc_column width=&#8220;1\/4&#8243;][\/vc_column][vc_column width=&#8220;1\/2&#8243; css=&#8220;.vc_custom_1485193848286{margin-top: 100px !important;margin-bottom: 100px !important;padding-top: 50px !important;padding-right: 50px !important;padding-bottom: 50px !important;padding-left: 50px !important;background-color: rgba(255,255,255,0.9) !important;*background-color: rgb(255,255,255) !important;}&#8220;][vc_column_text el_class=&#8220;sec-title&#8220;] Echte Hausmannskost Ob es sich nun um traditionelle abruzzische Gerichte wie \u201eTimballo\u201c (Cr\u00eapes-Auflauf mit Tomatensauce und Mozzarella-K\u00e4se), \u201eSpaghetti alla chitarra\u201c (handgemachte<\/p>\n","protected":false},"author":1,"featured_media":0,"parent":0,"menu_order":0,"comment_status":"open","ping_status":"closed","template":"tpl-visual_composer.php","meta":[],"_links":{"self":[{"href":"https:\/\/www.hoteljollino.it\/de\/wp-json\/wp\/v2\/pages\/445"}],"collection":[{"href":"https:\/\/www.hoteljollino.it\/de\/wp-json\/wp\/v2\/pages"}],"about":[{"href":"https:\/\/www.hoteljollino.it\/de\/wp-json\/wp\/v2\/types\/page"}],"author":[{"embeddable":true,"href":"https:\/\/www.hoteljollino.it\/de\/wp-json\/wp\/v2\/users\/1"}],"replies":[{"embeddable":true,"href":"https:\/\/www.hoteljollino.it\/de\/wp-json\/wp\/v2\/comments?post=445"}],"version-history":[{"count":36,"href":"https:\/\/www.hoteljollino.it\/de\/wp-json\/wp\/v2\/pages\/445\/revisions"}],"predecessor-version":[{"id":2162,"href":"https:\/\/www.hoteljollino.it\/de\/wp-json\/wp\/v2\/pages\/445\/revisions\/2162"}],"wp:attachment":[{"href":"https:\/\/www.hoteljollino.it\/de\/wp-json\/wp\/v2\/media?parent=445"}],"curies":[{"name":"wp","href":"https:\/\/api.w.org\/{rel}","templated":true}]}}