{"id":2063,"date":"2023-11-07T16:59:50","date_gmt":"2023-11-07T15:59:50","guid":{"rendered":"https:\/\/www.hoteljollino.it\/?page_id=2063"},"modified":"2023-11-08T11:26:54","modified_gmt":"2023-11-08T10:26:54","slug":"vacanza-sostenibile","status":"publish","type":"page","link":"https:\/\/www.hoteljollino.it\/de\/vacanza-sostenibile","title":{"rendered":"Sport und Natur"},"content":{"rendered":"<p>[vc_row css=&#8220;.vc_custom_1487933361054{margin-top: 60px !important;}&#8220;][vc_column width=&#8220;1\/4&#8243;][\/vc_column][vc_column width=&#8220;1\/2&#8243;][vc_column_text el_class=&#8220;sec-title&#8220;]<\/p>\n<h2 style=\"text-align: center;\">Pineto und die Abruzzen:\u00a0<strong>Gr\u00fcne Region Europas<\/strong><\/h2>\n<p>[\/vc_column_text][vc_video link=&#8220;https:\/\/www.youtube.com\/watch?v=bHxajF2OQFA&#8220; el_width=&#8220;70&#8243; align=&#8220;center&#8220;][\/vc_column][vc_column width=&#8220;1\/4&#8243;][\/vc_column][\/vc_row][vc_row full_width=&#8220;stretch_row&#8220; css=&#8220;.vc_custom_1483985493817{background-image: url(http:\/\/www.hoteljollino.it\/wp-content\/uploads\/2017\/01\/campo_imperatore1.jpg?id=729) !important;background-position: center !important;background-repeat: no-repeat !important;background-size: cover !important;}&#8220;][vc_column width=&#8220;1\/4&#8243;][\/vc_column][vc_column width=&#8220;1\/2&#8243; css=&#8220;.vc_custom_1480609398809{margin-top: 100px !important;margin-bottom: 100px !important;padding-top: 50px !important;padding-right: 50px !important;padding-bottom: 50px !important;padding-left: 50px !important;background-color: rgba(255,255,255,0.89) !important;*background-color: rgb(255,255,255) !important;}&#8220;][vc_column_text css=&#8220;.vc_custom_1519212272076{background-position: center !important;background-repeat: no-repeat !important;background-size: cover !important;}&#8220; el_class=&#8220;sec-title&#8220;]<\/p>\n<h2><strong>Wanderungen &amp; Einsiedeleien in den Abruzzen<\/strong><\/h2>\n<p>Die Region Abruzzen, auch &#8222;gr\u00fcne Region Europas&#8220; genannt, bietet mit ihren drei Nationalparks unz\u00e4hlige Wanderungsm\u00f6glichkeiten inmitten der wildesten Natur. Die zahlreichen Wanderwege im Gebirge Gran Sasso oder Majella garantieren wundersch\u00f6ne Ausfl\u00fcge mit st\u00e4ndig atemberaubenden und wundersch\u00f6nen Aussichten: Es ist n\u00e4mlich die einzige Gegend, die Ihnen diese Erlebnisse anbieten kann, da Sie mit einem einzigen \u00a0Blick gleichzeitig die h\u00f6chsten Gipfel des Apennins und die Adria betrachten k\u00f6nnen, welche Sie f\u00fcr ein erfrischendes Baden erwartet, sobald Sie von Ihrem Ausflug zur\u00fcck sind.<\/p>\n<p>In knapp einer Autofahrstunde von unserem Hotel entfernt verschmelzen Geschichte, Natur und Religion in den zahlreichen <strong>Einsiedeleien:<\/strong> Jahrhundertalte Kultst\u00e4tte, die von den ersten vor dem Jahr 1000 in die Abruzzen kommenden Gl\u00e4ubigen handgefertigt und in den Felsen gehauen wurden.<\/p>\n<p>Besichtigungen und Wanderungen werden von geschulten Begleitern und Stadtf\u00fchrern geleitet.[\/vc_column_text][vc_media_grid element_width=&#8220;2&#8243; grid_id=&#8220;vc_gid:1519212165252-2780d00d-c981-9&#8243; include=&#8220;718,725,722,723,720,724,726,716,727,721,728,719&#8243;][\/vc_column][vc_column width=&#8220;1\/4&#8243;][\/vc_column][\/vc_row][vc_row][vc_column][vc_separator style=&#8220;shadow&#8220; border_width=&#8220;10&#8243;][\/vc_column][\/vc_row][vc_row full_width=&#8220;stretch_row&#8220; css=&#8220;.vc_custom_1483988990594{background-image: url(http:\/\/www.hoteljollino.it\/wp-content\/uploads\/2017\/01\/DSC_0994-1.jpg?id=741) !important;background-position: center !important;background-repeat: no-repeat !important;background-size: cover !important;}&#8220;][vc_column width=&#8220;1\/4&#8243;][\/vc_column][vc_column width=&#8220;1\/2&#8243; css=&#8220;.vc_custom_1480609398809{margin-top: 100px !important;margin-bottom: 100px !important;padding-top: 50px !important;padding-right: 50px !important;padding-bottom: 50px !important;padding-left: 50px !important;background-color: rgba(255,255,255,0.89) !important;*background-color: rgb(255,255,255) !important;}&#8220;][vc_column_text css=&#8220;.vc_custom_1519212317300{background-position: center !important;background-repeat: no-repeat !important;background-size: cover !important;}&#8220; el_class=&#8220;sec-title&#8220;]<\/p>\n<h2><strong>Ortschaften und \u0152nogastronomie<\/strong><\/h2>\n<p>Die Abruzzen werden Sie mit der Sch\u00f6nheit ihrer alten D\u00f6rfer beeindrucken: alte D\u00f6rfer, die nur noch von einigen Dutzend Menschen bewohnt sind und die im Sommer von Touristen bev\u00f6lkert werden, welche diese echten mittelalterlichen D\u00f6rfer \u201eauf Zehenspitzen\u201c besichtigen.<\/p>\n<p>Und gerade auf diesen &#8222;Reisen&#8220; werden alte Br\u00e4uche wiederentdeckt, vor allem aber antike Aromen, die uns von Generation zu Generation weitergegeben werden und uns den Charme einer Zeit wiederentdecken lassen.<\/p>\n<p>Auf diesen Wanderungen k\u00f6nnen Sie auch Besuche bei \u00f6rtlichen Weing\u00fctern oder typischen \u00d6lm\u00fchlen einplanen.[\/vc_column_text][vc_media_grid element_width=&#8220;2&#8243; grid_id=&#8220;vc_gid:1519212165254-e185bbff-8c36-3&#8243; include=&#8220;731,732,733,734,735,736&#8243;][\/vc_column][vc_column width=&#8220;1\/4&#8243;][\/vc_column][\/vc_row][vc_row][vc_column][vc_separator style=&#8220;shadow&#8220; border_width=&#8220;10&#8243;][\/vc_column][\/vc_row][vc_row full_width=&#8220;stretch_row&#8220; css=&#8220;.vc_custom_1483974224132{background-image: url(http:\/\/www.hoteljollino.it\/wp-content\/uploads\/2017\/01\/leith-hill-3.jpg?id=712) !important;background-position: center !important;background-repeat: no-repeat !important;background-size: cover !important;}&#8220;][vc_column width=&#8220;1\/4&#8243;][\/vc_column][vc_column width=&#8220;1\/2&#8243; css=&#8220;.vc_custom_1480609398809{margin-top: 100px !important;margin-bottom: 100px !important;padding-top: 50px !important;padding-right: 50px !important;padding-bottom: 50px !important;padding-left: 50px !important;background-color: rgba(255,255,255,0.89) !important;*background-color: rgb(255,255,255) !important;}&#8220;][vc_column_text css=&#8220;.vc_custom_1519212345906{background-position: center !important;background-repeat: no-repeat !important;background-size: cover !important;}&#8220; el_class=&#8220;sec-title&#8220;]<\/p>\n<h2><strong>Radfahren-Abenteuer<\/strong><\/h2>\n<p>Fahrradliebhaber k\u00f6nnen mit dem MOUNTAIN BIKE Ausfl\u00fcge verschiedener Schwierigkeitsstufen mit gepr\u00fcften F\u00fchrern, direkt vom Hotel aus startend, unternehmen. In wenigen Augenblicken tauchen Sie in die Natur unserer H\u00fcgel ein, umgeben von Landschaften, die von den Gipfeln des Gran Sasso bis zum blauen Meer reichen.[\/vc_column_text][vc_media_grid element_width=&#8220;2&#8243; grid_id=&#8220;vc_gid:1519212165256-d368e7fb-e394-6&#8243; include=&#8220;744,745,746,747,748,405&#8243;][\/vc_column][vc_column width=&#8220;1\/4&#8243;][\/vc_column][\/vc_row][vc_row][vc_column][vc_separator style=&#8220;shadow&#8220; border_width=&#8220;10&#8243;][\/vc_column][\/vc_row][vc_row full_width=&#8220;stretch_row&#8220; css=&#8220;.vc_custom_1483972287570{background-image: url(http:\/\/www.hoteljollino.it\/wp-content\/uploads\/2016\/12\/02fotoMauroCantoro.jpg?id=599) !important;background-position: center !important;background-repeat: no-repeat !important;background-size: cover !important;}&#8220;][vc_column width=&#8220;1\/4&#8243;][\/vc_column][vc_column width=&#8220;1\/2&#8243; css=&#8220;.vc_custom_1480609398809{margin-top: 100px !important;margin-bottom: 100px !important;padding-top: 50px !important;padding-right: 50px !important;padding-bottom: 50px !important;padding-left: 50px !important;background-color: rgba(255,255,255,0.89) !important;*background-color: rgb(255,255,255) !important;}&#8220;][vc_column_text css=&#8220;.vc_custom_1519212366572{background-position: center !important;background-repeat: no-repeat !important;background-size: cover !important;}&#8220; el_class=&#8220;sec-title&#8220;]<\/p>\n<h2><strong>Joggen &amp; Adventure Park<\/strong><\/h2>\n<p>F\u00fcr ein entspanntes oder anspruchsvolleres Bergauf-Joggen k\u00f6nnen Sie den PARCO FILIANI direkt am Dorfrand, eine weitere sch\u00f6ne gr\u00fcne Lunge dieser Gegend genie\u00dfen.<\/p>\n<p>Der vollst\u00e4ndig renovierte Park beherbergt auch den neuen \u201eCERRANO &#8211; ADVENTURE PARK\u201c, welcher Parcours auf Br\u00fccken zwischen den Kiefern mit verschiedenen Schwierigkeitsstufen bietet, sowohl f\u00fcr Kleinkinder als auch f\u00fcr Erwachsene geeignet. Im Park gibt es nat\u00fcrlich auch einen Erfrischungspunkt. Der Park ist der ideale Ort, um in der N\u00e4he des Stadtzentrums ein lustiges Erlebnis zu genie\u00dfen.<br \/>\n[\/vc_column_text][vc_media_grid element_width=&#8220;2&#8243; grid_id=&#8220;vc_gid:1519212165258-7a5269e9-f39a-3&#8243; include=&#8220;864,865,866,790,599,702&#8243;][\/vc_column][vc_column width=&#8220;1\/4&#8243;][\/vc_column][\/vc_row][vc_row][vc_column][vc_column_text]<\/p>\n<h2><strong>Was Sie in den Abruzzen sehen k\u00f6nnen<\/strong><\/h2>\n<p>[\/vc_column_text][vc_media_grid element_width=&#8220;2&#8243; grid_id=&#8220;vc_gid:1519212165260-56f0407a-17ce-10&#8243; include=&#8220;937,948,947,946,945,944,943,942,941,940,939,938&#8243;][\/vc_column][\/vc_row][vc_row full_width=&#8220;stretch_row_content&#8220;][vc_column]\n\n\n<!--Contact Section-->\n\n    <section class=\"default-section faded-section contact-section\" style=\"background-image:url('https:\/\/www.hoteljollino.it\/wp-content\/uploads\/2015\/12\/Natura-Pineta01.jpg');\">\n\n    \t<div class=\"auto-container\">\n\n        \t<div class=\"row clearfix\">\n\n            \t<!--Column-->\n\n                <div class=\"col-md-5 col-sm-12 col-xs-12 column\">\n\n                \t<h2>Im Zentrum von Pineto<\/h2>\n\n                    \n\n                \t<div class=\"desc-text\">\n\n                    \t<p><\/p>\n<p>Das Hotel Jollino liegt im Zentrum von Pineto, mit Blick auf die Villa Comunale (Stadtvilla) und nur einen Katzensprung vom wundersch\u00f6nen Pinienwald entfernt, der sich entlang der feinen Sandfl\u00e4che erstreckt.<\/p>\n<p>Wir bieten H\u00f6chstkomfort bei maximaler Entspannung an, damit Sie einen erholsamen Urlaub verbringen k\u00f6nnen, unentbehrlich f\u00fcr das Wohlbefinden der Erwachsenen und f\u00fcr den Spa\u00df der Kinder!<\/p>\n<p>Das Jollino Hotel in Pineto verf\u00fcgt \u00fcber elegante und komfortable mit Balkon ausgestattete Zimmer, von denen Sie einen herrlichen Blick auf die Stadt genie\u00dfen k\u00f6nnen.<\/p>\n<p>Planen und buchen Sie einen fantastischen Aufenthalt an der wundersch\u00f6nen Adriak\u00fcste der Abruzzen, die sich durch ein blaues und kristallklares Meer, die K\u00fcste mit feinem Sand und dem wundersch\u00f6nen Pinienwald auszeichnet, wo Sie beim Joggen oder Spazieren die k\u00fchle Luft genie\u00dfen k\u00f6nnen.<\/p>\n\n                    <\/div>\n\n                    <!--Contact Info-->\n                    <ul class=\"contact-info\">\n\n                    \t<li>\n\n                        \t<span class=\"icon flaticon-location74\"><\/span>\n\n                            <h3>ADRESSE<\/h3>\n\n\t\t\t\t\t\t\t<p>Via Verona, 29 64025 Pineto (TE)<\/p>\n\n\t\t\t\t\t\t<\/li>\n\n                        \n\n                        <li>\n\n                        \t<span class=\"icon flaticon-telephone51\"><\/span>\n\n                            <h3>TELEFON<\/h3>\n\n\t\t\t\t\t\t\t<p>(+39) 085.94.91.720, (+39) 085.94.90.411<\/p>\n\n\t\t\t\t\t\t<\/li>\n\n                        \n\n                        <li>\n\n                        \t<span class=\"icon flaticon-envelope126\"><\/span>\n\n                            <h3>EMAIL<\/h3>\n\n\t\t\t\t\t\t\t<p>info@hoteljollino.it, booking@hoteljollino.it<\/p>\n\n\t\t\t\t\t\t<\/li>\n\n                    <\/ul>\n\n                <\/div>\n\n                \n\n                <!--Column-->\n\n                <div class=\"col-md-7 col-sm-12 col-xs-12 column\">\n\n                \t<h2>Kontaktieren Sie uns jetzt<\/h2>\n\n                    <!--Contact Form-->\n\n                    <div class=\"contact-form\">\n\n                    \t<div role=\"form\" class=\"wpcf7\" id=\"wpcf7-f1121-o3\" lang=\"en-US\" dir=\"ltr\">\n<div class=\"screen-reader-response\"><\/div>\n<form action=\"\/de\/wp-json\/wp\/v2\/pages\/2063#wpcf7-f1121-o3\" method=\"post\" class=\"wpcf7-form\" novalidate=\"novalidate\">\n<div style=\"display: none;\">\n<input type=\"hidden\" name=\"_wpcf7\" value=\"1121\" \/>\n<input type=\"hidden\" name=\"_wpcf7_version\" value=\"4.5.1\" \/>\n<input type=\"hidden\" name=\"_wpcf7_locale\" value=\"en_US\" \/>\n<input type=\"hidden\" name=\"_wpcf7_unit_tag\" value=\"wpcf7-f1121-o3\" \/>\n<input type=\"hidden\" name=\"_wpnonce\" value=\"a410da333a\" \/>\n<\/div>\n<div id=\"formcontatti\"><\/div>\n<div class=\"wpcf7-response-output wpcf7-display-none\"><\/div><\/form><\/div>\n                    <\/div>\n\n                <\/div>\n\n            <\/div>\n\n            \n\n            <!--Separator-->\n\n            <div class=\"separator big-separator\"><\/div>\n\n           \n\n           <!--Footer Content-->\n\n            <div class=\"footer-content\">\n\n            \t\n\n                \n                    <!--Social Links-->\n\n                    <div class=\"social-links\">\n\n                        \n                            <a title=\"\" href=\"\"><span class=\"fa \"><\/span><\/a>\n\n                        \n                    <\/div>\n\n                \n\n\t\t\t\t\n\n\n                <div class=\"copyright\">&copy; \u00a9 Hotel Jollino - P.iva: 01758720674 <\/div>\n\n            <\/div>\n\n           \n\n        <\/div>\n\n    <\/section>\n\n\n\n[\/vc_column][\/vc_row]<\/p>","protected":false},"excerpt":{"rendered":"<p>[vc_row css=&#8220;.vc_custom_1487933361054{margin-top: 60px !important;}&#8220;][vc_column width=&#8220;1\/4&#8243;][\/vc_column][vc_column width=&#8220;1\/2&#8243;][vc_column_text el_class=&#8220;sec-title&#8220;] Pineto und die Abruzzen:\u00a0Gr\u00fcne Region Europas [\/vc_column_text][vc_video link=&#8220;https:\/\/www.youtube.com\/watch?v=bHxajF2OQFA&#8220; el_width=&#8220;70&#8243; align=&#8220;center&#8220;][\/vc_column][vc_column width=&#8220;1\/4&#8243;][\/vc_column][\/vc_row][vc_row full_width=&#8220;stretch_row&#8220; css=&#8220;.vc_custom_1483985493817{background-image: url(http:\/\/www.hoteljollino.it\/wp-content\/uploads\/2017\/01\/campo_imperatore1.jpg?id=729) !important;background-position: center !important;background-repeat: no-repeat !important;background-size: cover !important;}&#8220;][vc_column width=&#8220;1\/4&#8243;][\/vc_column][vc_column width=&#8220;1\/2&#8243; css=&#8220;.vc_custom_1480609398809{margin-top: 100px !important;margin-bottom: 100px !important;padding-top: 50px !important;padding-right: 50px !important;padding-bottom: 50px !important;padding-left: 50px !important;background-color: rgba(255,255,255,0.89) !important;*background-color: rgb(255,255,255) !important;}&#8220;][vc_column_text css=&#8220;.vc_custom_1519212272076{background-position: center !important;background-repeat: no-repeat !important;background-size: cover !important;}&#8220; el_class=&#8220;sec-title&#8220;]<\/p>\n","protected":false},"author":1,"featured_media":0,"parent":0,"menu_order":0,"comment_status":"open","ping_status":"closed","template":"tpl-visual_composer.php","meta":[],"_links":{"self":[{"href":"https:\/\/www.hoteljollino.it\/de\/wp-json\/wp\/v2\/pages\/2063"}],"collection":[{"href":"https:\/\/www.hoteljollino.it\/de\/wp-json\/wp\/v2\/pages"}],"about":[{"href":"https:\/\/www.hoteljollino.it\/de\/wp-json\/wp\/v2\/types\/page"}],"author":[{"embeddable":true,"href":"https:\/\/www.hoteljollino.it\/de\/wp-json\/wp\/v2\/users\/1"}],"replies":[{"embeddable":true,"href":"https:\/\/www.hoteljollino.it\/de\/wp-json\/wp\/v2\/comments?post=2063"}],"version-history":[{"count":14,"href":"https:\/\/www.hoteljollino.it\/de\/wp-json\/wp\/v2\/pages\/2063\/revisions"}],"predecessor-version":[{"id":2099,"href":"https:\/\/www.hoteljollino.it\/de\/wp-json\/wp\/v2\/pages\/2063\/revisions\/2099"}],"wp:attachment":[{"href":"https:\/\/www.hoteljollino.it\/de\/wp-json\/wp\/v2\/media?parent=2063"}],"curies":[{"name":"wp","href":"https:\/\/api.w.org\/{rel}","templated":true}]}}